{"id":33321,"date":"2024-12-19T11:50:16","date_gmt":"2024-12-19T11:50:16","guid":{"rendered":"https:\/\/gocloudsecure.eu\/?page_id=33321"},"modified":"2026-04-23T10:05:11","modified_gmt":"2026-04-23T10:05:11","slug":"ueber-uns","status":"publish","type":"page","link":"https:\/\/gocloudsecure.eu\/de\/ueber-uns\/","title":{"rendered":"\u00dcber uns"},"content":{"rendered":"\t\t<div data-elementor-type=\"wp-page\" data-elementor-id=\"33321\" class=\"elementor elementor-33321 elementor-29973\">\n\t\t\t\t<div class=\"elementor-element elementor-element-13d2e42 e-flex e-con-boxed sc_layouts_column_icons_position_left e-con e-parent\" data-id=\"13d2e42\" data-element_type=\"container\" data-e-type=\"container\">\n\t\t\t\t\t<div class=\"e-con-inner\">\n\t\t<div class=\"elementor-element elementor-element-efed371 e-con-full e-flex sc_layouts_column_icons_position_left e-con e-child\" data-id=\"efed371\" data-element_type=\"container\" data-e-type=\"container\">\n\t\t\t\t<div class=\"elementor-element elementor-element-b7b57a0 sc_fly_static elementor-widget elementor-widget-trx_sc_title\" data-id=\"b7b57a0\" data-element_type=\"widget\" data-e-type=\"widget\" data-widget_type=\"trx_sc_title.default\">\n\t\t\t\t<div class=\"elementor-widget-container\">\n\t\t\t\t\t<div\t\tclass=\"sc_title sc_title_shadow\" ><span class=\"sc_item_subtitle sc_title_subtitle sc_align_center sc_item_subtitle_above sc_item_title_style_shadow sc_item_subtitle_with_custom_color trx_addons_inline_922806216\">Erasmus+<\/span><h1 class=\"sc_item_title sc_title_title sc_align_center sc_item_title_style_shadow sc_item_title_tag trx_addons_inline_382951930\"\n\t\t\t><span class=\"sc_item_title_text\">\u00dcber uns<\/span><\/h1><\/div>\t\t\t\t<\/div>\n\t\t\t\t<\/div>\n\t\t\t\t<\/div>\n\t\t\t\t\t<\/div>\n\t\t\t\t<\/div>\n\t\t<div data-animation-type=\"sequental\" data-animation-stagger=\"\" class=\"elementor-element elementor-element-e097c65 animation_type_sequental e-flex e-con-boxed sc_layouts_column_icons_position_left elementor-invisible e-con e-parent\" data-id=\"e097c65\" data-element_type=\"container\" data-e-type=\"container\" data-settings=\"{&quot;animation&quot;:&quot;prisma-fadeinup&quot;,&quot;animation_delay&quot;:100}\">\n\t\t\t\t\t<div class=\"e-con-inner\">\n\t\t<div class=\"elementor-element elementor-element-ca5e67f sc_layouts_column_align_center sc_layouts_column e-con-full e-flex sc_layouts_column_icons_position_left e-con e-child\" data-id=\"ca5e67f\" data-element_type=\"container\" data-e-type=\"container\">\n\t\t\t\t<div class=\"elementor-element elementor-element-b194518 sc_fly_static elementor-widget elementor-widget-image\" data-id=\"b194518\" data-element_type=\"widget\" data-e-type=\"widget\" data-widget_type=\"image.default\">\n\t\t\t\t\t\t\t\t\t\t\t\t\t\t\t<img fetchpriority=\"high\" decoding=\"async\" width=\"945\" height=\"378\" src=\"https:\/\/gocloudsecure.eu\/wp-content\/uploads\/2024\/12\/Logo_FHJ_rgb.jpg\" class=\"attachment-full size-full wp-image-32436\" alt=\"\" srcset=\"https:\/\/gocloudsecure.eu\/wp-content\/uploads\/2024\/12\/Logo_FHJ_rgb.jpg 945w, https:\/\/gocloudsecure.eu\/wp-content\/uploads\/2024\/12\/Logo_FHJ_rgb-300x120.jpg 300w, https:\/\/gocloudsecure.eu\/wp-content\/uploads\/2024\/12\/Logo_FHJ_rgb-768x307.jpg 768w, https:\/\/gocloudsecure.eu\/wp-content\/uploads\/2024\/12\/Logo_FHJ_rgb-370x148.jpg 370w, https:\/\/gocloudsecure.eu\/wp-content\/uploads\/2024\/12\/Logo_FHJ_rgb-840x336.jpg 840w, https:\/\/gocloudsecure.eu\/wp-content\/uploads\/2024\/12\/Logo_FHJ_rgb-410x164.jpg 410w\" sizes=\"(max-width: 945px) 100vw, 945px\" \/>\t\t\t\t\t\t\t\t\t\t\t\t\t\t\t<\/div>\n\t\t\t\t<div class=\"elementor-element elementor-element-b0ba99f sc_fly_static elementor-widget elementor-widget-heading\" data-id=\"b0ba99f\" data-element_type=\"widget\" data-e-type=\"widget\" data-widget_type=\"heading.default\">\n\t\t\t\t\t<p class=\"elementor-heading-title elementor-size-default\">Projektkoordinator<\/p>\t\t\t\t<\/div>\n\t\t\t\t<\/div>\n\t\t<div class=\"elementor-element elementor-element-6802ee3 sc_layouts_column_align_center sc_layouts_column e-con-full e-flex sc_layouts_column_icons_position_left e-con e-child\" data-id=\"6802ee3\" data-element_type=\"container\" data-e-type=\"container\">\n\t\t\t\t<div class=\"elementor-element elementor-element-5cd6929 sc_fly_static elementor-widget elementor-widget-text-editor\" data-id=\"5cd6929\" data-element_type=\"widget\" data-e-type=\"widget\" data-widget_type=\"text-editor.default\">\n\t\t\t\t\t\t\t\t\t<strong>FH JOANNEUM<\/strong> ist eine der f\u00fchrenden Fachhochschulen in \u00d6sterreich, die sich der <strong>F\u00f6rderung von Innovationen durch Forschung und Entwicklung (F&#038;E) widmet, um Nachhaltigkeitsziele zu erreichen und gesellschaftliche Bed\u00fcrfnisse zu erf\u00fcllen<\/strong>. Mit sechs zentralen Abteilungen \u2013 von <strong>Angewandter Informatik bis Medien &#038; Design<\/strong> \u2013 <strong>bietet die Hochschule qualitativ hochwertige Bildung f\u00fcr \u00fcber 4.000 Studierende<\/strong>. Als Vorreiter in der IT-Ausbildung bietet sie <strong>9 Bachelor- und Masterstudieng\u00e4nge in Bereichen wie Software Engineering, Data Analytics, IT-Sicherheit und E-Government<\/strong> an. <strong>FH JOANNEUM<\/strong> arbeitet mit \u00f6ffentlichen und privaten Sektoren zusammen, um <strong>Technologien und L\u00f6sungen f\u00fcr die Zukunft<\/strong> zu entwickeln und sicherzustellen, dass <strong>Forschungsergebnisse praktisch angewendet werden<\/strong>. Durch ihre <strong>umfassende Erfahrung in EU-gef\u00f6rderten Projekten<\/strong> ist sie <strong>ein wichtiger Partner<\/strong> f\u00fcr Initiativen, die <strong>technisches, politisches und gestalterisches Fachwissen erfordern<\/strong>.\t\t\t\t\t\t\t\t<\/div>\n\t\t\t\t<\/div>\n\t\t<div class=\"elementor-element elementor-element-3156689 sc_layouts_column_align_center sc_layouts_column e-con-full e-flex sc_layouts_column_icons_position_left e-con e-child\" data-id=\"3156689\" data-element_type=\"container\" data-e-type=\"container\">\n\t\t\t\t<div class=\"elementor-element elementor-element-36e9aa3 elementor-view-framed elementor-shape-circle sc_fly_static elementor-widget elementor-widget-icon\" data-id=\"36e9aa3\" data-element_type=\"widget\" data-e-type=\"widget\" data-widget_type=\"icon.default\">\n\t\t\t\t\t\t\t<div class=\"elementor-icon-wrapper\">\n\t\t\t<a class=\"elementor-icon\" href=\"https:\/\/www.fh-joanneum.at\" target=\"_blank\">\n\t\t\t<i aria-hidden=\"true\" class=\"fas fa-link\"><\/i>\t\t\t<\/a>\n\t\t<\/div>\n\t\t\t\t\t\t<\/div>\n\t\t\t\t<\/div>\n\t\t\t\t\t<\/div>\n\t\t\t\t<\/div>\n\t\t<div data-animation-type=\"sequental\" data-animation-stagger=\"\" class=\"elementor-element elementor-element-00f1516 animation_type_sequental e-flex e-con-boxed sc_layouts_column_icons_position_left elementor-invisible e-con e-parent\" data-id=\"00f1516\" data-element_type=\"container\" data-e-type=\"container\" data-settings=\"{&quot;animation&quot;:&quot;prisma-fadeinup&quot;,&quot;animation_delay&quot;:100}\">\n\t\t\t\t\t<div class=\"e-con-inner\">\n\t\t<div class=\"elementor-element elementor-element-66895cf sc_layouts_column_align_center sc_layouts_column e-con-full e-flex sc_layouts_column_icons_position_left e-con e-child\" data-id=\"66895cf\" data-element_type=\"container\" data-e-type=\"container\">\n\t\t\t\t<div class=\"elementor-element elementor-element-379320c sc_fly_static elementor-widget elementor-widget-image\" data-id=\"379320c\" data-element_type=\"widget\" data-e-type=\"widget\" data-widget_type=\"image.default\">\n\t\t\t\t\t\t\t\t\t\t\t\t\t\t\t<img decoding=\"async\" width=\"484\" height=\"150\" src=\"https:\/\/gocloudsecure.eu\/wp-content\/uploads\/2024\/12\/logo.png\" class=\"attachment-full size-full wp-image-32441\" alt=\"\" srcset=\"https:\/\/gocloudsecure.eu\/wp-content\/uploads\/2024\/12\/logo.png 484w, https:\/\/gocloudsecure.eu\/wp-content\/uploads\/2024\/12\/logo-300x93.png 300w, https:\/\/gocloudsecure.eu\/wp-content\/uploads\/2024\/12\/logo-370x115.png 370w, https:\/\/gocloudsecure.eu\/wp-content\/uploads\/2024\/12\/logo-410x127.png 410w\" sizes=\"(max-width: 600px) 100vw, 484px\" \/>\t\t\t\t\t\t\t\t\t\t\t\t\t\t\t<\/div>\n\t\t\t\t<div class=\"elementor-element elementor-element-310e455 sc_fly_static elementor-widget elementor-widget-heading\" data-id=\"310e455\" data-element_type=\"widget\" data-e-type=\"widget\" data-widget_type=\"heading.default\">\n\t\t\t\t\t<p class=\"elementor-heading-title elementor-size-default\">Projektpartner<\/p>\t\t\t\t<\/div>\n\t\t\t\t<\/div>\n\t\t<div class=\"elementor-element elementor-element-e56da47 sc_layouts_column_align_center sc_layouts_column e-con-full e-flex sc_layouts_column_icons_position_left e-con e-child\" data-id=\"e56da47\" data-element_type=\"container\" data-e-type=\"container\">\n\t\t\t\t<div class=\"elementor-element elementor-element-aeb0d8a sc_fly_static elementor-widget elementor-widget-text-editor\" data-id=\"aeb0d8a\" data-element_type=\"widget\" data-e-type=\"widget\" data-widget_type=\"text-editor.default\">\n\t\t\t\t\t\t\t\t\t<p><strong>ETE FAROS LTD<\/strong> wurde 1998 unter dem Namen PCX Computers &amp; Information Systems Ltd gegr\u00fcndet und benannte sich 2023 um, um sein Engagement f\u00fcr digitale Transformation und ICT-L\u00f6sungen widerzuspiegeln. <strong>FAROS st\u00e4rkt<\/strong> <strong>KMUs und Bildungseinrichtungen durch Beratung in den Bereichen Unternehmertum, Risikomanagement und Business Continuity<\/strong>. Das Unternehmen ist auf <strong>ERP-, CRM- und LMS-Plattformen<\/strong> spezialisiert und bietet ma\u00dfgeschneiderte <strong>ICT-L\u00f6sungen f\u00fcr Webentwicklung und E-Learning-Plattformen<\/strong> an. Als <strong>zertifiziertes VET-Ausbildungszentrum<\/strong> bietet FAROS <strong>berufliche Weiterbildung f\u00fcr KMUs, Jugendliche und Erwachsene<\/strong> und f\u00f6rdert <strong>digitale Kompetenzen und Technologiebildung<\/strong>. Mit <strong>Expertise in den Bereichen Unternehmensberatung, ICT-L\u00f6sungen, Bildung und EU-gef\u00f6rderte Projekte<\/strong> ist FAROS ein <strong>wichtiger Partner f\u00fcr Organisationen, die ihre Operationen modernisieren und digitalisieren m\u00f6chten<\/strong>.<\/p>\t\t\t\t\t\t\t\t<\/div>\n\t\t\t\t<\/div>\n\t\t<div class=\"elementor-element elementor-element-01eb7a9 sc_layouts_column_align_center sc_layouts_column e-con-full e-flex sc_layouts_column_icons_position_left e-con e-child\" data-id=\"01eb7a9\" data-element_type=\"container\" data-e-type=\"container\">\n\t\t\t\t<div class=\"elementor-element elementor-element-42477e2 elementor-view-framed elementor-shape-circle sc_fly_static elementor-widget elementor-widget-icon\" data-id=\"42477e2\" data-element_type=\"widget\" data-e-type=\"widget\" data-widget_type=\"icon.default\">\n\t\t\t\t\t\t\t<div class=\"elementor-icon-wrapper\">\n\t\t\t<a class=\"elementor-icon\" href=\"https:\/\/etefaros.eu\" target=\"_blank\">\n\t\t\t<i aria-hidden=\"true\" class=\"fas fa-link\"><\/i>\t\t\t<\/a>\n\t\t<\/div>\n\t\t\t\t\t\t<\/div>\n\t\t\t\t<\/div>\n\t\t\t\t\t<\/div>\n\t\t\t\t<\/div>\n\t\t<div data-animation-type=\"sequental\" data-animation-stagger=\"\" class=\"elementor-element elementor-element-84915c9 animation_type_sequental e-flex e-con-boxed sc_layouts_column_icons_position_left elementor-invisible e-con e-parent\" data-id=\"84915c9\" data-element_type=\"container\" data-e-type=\"container\" data-settings=\"{&quot;animation&quot;:&quot;prisma-fadeinup&quot;,&quot;animation_delay&quot;:100}\">\n\t\t\t\t\t<div class=\"e-con-inner\">\n\t\t<div class=\"elementor-element elementor-element-fdba804 sc_layouts_column_align_center sc_layouts_column e-con-full e-flex sc_layouts_column_icons_position_left e-con e-child\" data-id=\"fdba804\" data-element_type=\"container\" data-e-type=\"container\">\n\t\t\t\t<div class=\"elementor-element elementor-element-7315861 sc_fly_static elementor-widget elementor-widget-image\" data-id=\"7315861\" data-element_type=\"widget\" data-e-type=\"widget\" data-widget_type=\"image.default\">\n\t\t\t\t\t\t\t\t\t\t\t\t\t\t\t<img decoding=\"async\" width=\"1181\" height=\"382\" src=\"https:\/\/gocloudsecure.eu\/wp-content\/uploads\/2024\/12\/cropped-ACTA_Consulting_Logo-2.png\" class=\"attachment-full size-full wp-image-32446\" alt=\"\" srcset=\"https:\/\/gocloudsecure.eu\/wp-content\/uploads\/2024\/12\/cropped-ACTA_Consulting_Logo-2.png 1181w, https:\/\/gocloudsecure.eu\/wp-content\/uploads\/2024\/12\/cropped-ACTA_Consulting_Logo-2-300x97.png 300w, https:\/\/gocloudsecure.eu\/wp-content\/uploads\/2024\/12\/cropped-ACTA_Consulting_Logo-2-1024x331.png 1024w, https:\/\/gocloudsecure.eu\/wp-content\/uploads\/2024\/12\/cropped-ACTA_Consulting_Logo-2-768x248.png 768w, https:\/\/gocloudsecure.eu\/wp-content\/uploads\/2024\/12\/cropped-ACTA_Consulting_Logo-2-370x120.png 370w, https:\/\/gocloudsecure.eu\/wp-content\/uploads\/2024\/12\/cropped-ACTA_Consulting_Logo-2-840x272.png 840w, https:\/\/gocloudsecure.eu\/wp-content\/uploads\/2024\/12\/cropped-ACTA_Consulting_Logo-2-410x133.png 410w\" sizes=\"(max-width: 1181px) 100vw, 1181px\" \/>\t\t\t\t\t\t\t\t\t\t\t\t\t\t\t<\/div>\n\t\t\t\t<div class=\"elementor-element elementor-element-16b1c71 sc_fly_static elementor-widget elementor-widget-heading\" data-id=\"16b1c71\" data-element_type=\"widget\" data-e-type=\"widget\" data-widget_type=\"heading.default\">\n\t\t\t\t\t<p class=\"elementor-heading-title elementor-size-default\">Projektpartner<\/p>\t\t\t\t<\/div>\n\t\t\t\t<\/div>\n\t\t<div class=\"elementor-element elementor-element-38f11f3 sc_layouts_column_align_center sc_layouts_column e-con-full e-flex sc_layouts_column_icons_position_left e-con e-child\" data-id=\"38f11f3\" data-element_type=\"container\" data-e-type=\"container\">\n\t\t\t\t<div class=\"elementor-element elementor-element-ab53662 sc_fly_static elementor-widget elementor-widget-text-editor\" data-id=\"ab53662\" data-element_type=\"widget\" data-e-type=\"widget\" data-widget_type=\"text-editor.default\">\n\t\t\t\t\t\t\t\t\t<strong>Gegr\u00fcndet 2017 in Sofia, Bulgarien<\/strong>, <strong>Acta Consulting<\/strong> unterst\u00fctzt KMUs und Start-ups bei der technologischen Modernisierung und digitalen Transformation. Das Unternehmen ist auf <strong>digitale Reifegradbewertungen, die Erstellung ma\u00dfgeschneiderter Roadmaps f\u00fcr Industrie 4.0 &amp; 5.0 und die Unterst\u00fctzung von EU-gef\u00f6rderten Investitionsprojekten<\/strong> spezialisiert. Zu den Dienstleistungen geh\u00f6ren <strong>die Entwicklung von Projektvorschl\u00e4gen, Berichterstattung und Koordination unter wichtigen EU-Programmen<\/strong>. <strong>Acta Consulting<\/strong> unterst\u00fctzt Unternehmen auch bei der <strong>Erlangung von ISO-Zertifikaten<\/strong> <strong>f\u00fcr Qualit\u00e4ts-, Umwelt- und Energiemanagementsysteme<\/strong>. Das Unternehmen wird von <strong>einem Netzwerk von \u00fcber 80 KMUs, 50+ Technologieanbietern und f\u00fchrenden Forschungseinrichtungen in Bulgarien<\/strong> unterst\u00fctzt und bietet <strong>wirkungsvolle L\u00f6sungen, die Wachstum, Nachhaltigkeit und digitale Reife f\u00f6rdern<\/strong>.\t\t\t\t\t\t\t\t<\/div>\n\t\t\t\t<\/div>\n\t\t<div class=\"elementor-element elementor-element-e84f8ae sc_layouts_column_align_center sc_layouts_column e-con-full e-flex sc_layouts_column_icons_position_left e-con e-child\" data-id=\"e84f8ae\" data-element_type=\"container\" data-e-type=\"container\">\n\t\t\t\t<div class=\"elementor-element elementor-element-1ab72e4 elementor-view-framed elementor-shape-circle sc_fly_static elementor-widget elementor-widget-icon\" data-id=\"1ab72e4\" data-element_type=\"widget\" data-e-type=\"widget\" data-widget_type=\"icon.default\">\n\t\t\t\t\t\t\t<div class=\"elementor-icon-wrapper\">\n\t\t\t<a class=\"elementor-icon\" href=\"https:\/\/actaconsulting.eu\/\" target=\"_blank\">\n\t\t\t<i aria-hidden=\"true\" class=\"fas fa-link\"><\/i>\t\t\t<\/a>\n\t\t<\/div>\n\t\t\t\t\t\t<\/div>\n\t\t\t\t<\/div>\n\t\t\t\t\t<\/div>\n\t\t\t\t<\/div>\n\t\t<div data-animation-type=\"sequental\" data-animation-stagger=\"\" class=\"elementor-element elementor-element-1cd7d2c animation_type_sequental e-flex e-con-boxed sc_layouts_column_icons_position_left elementor-invisible e-con e-parent\" data-id=\"1cd7d2c\" data-element_type=\"container\" data-e-type=\"container\" data-settings=\"{&quot;animation&quot;:&quot;prisma-fadeinup&quot;,&quot;animation_delay&quot;:100}\">\n\t\t\t\t\t<div class=\"e-con-inner\">\n\t\t<div class=\"elementor-element elementor-element-0c80523 sc_layouts_column_align_center sc_layouts_column e-con-full e-flex sc_layouts_column_icons_position_left e-con e-child\" data-id=\"0c80523\" data-element_type=\"container\" data-e-type=\"container\">\n\t\t\t\t<div class=\"elementor-element elementor-element-8ffcf33 sc_fly_static elementor-widget elementor-widget-image\" data-id=\"8ffcf33\" data-element_type=\"widget\" data-e-type=\"widget\" data-widget_type=\"image.default\">\n\t\t\t\t\t\t\t\t\t\t\t\t\t\t\t<img loading=\"lazy\" decoding=\"async\" width=\"2030\" height=\"1990\" src=\"https:\/\/gocloudsecure.eu\/wp-content\/uploads\/2025\/03\/CSKIK_logo_EN_2023.png\" class=\"attachment-full size-full wp-image-34060\" alt=\"\" srcset=\"https:\/\/gocloudsecure.eu\/wp-content\/uploads\/2025\/03\/CSKIK_logo_EN_2023.png 2030w, https:\/\/gocloudsecure.eu\/wp-content\/uploads\/2025\/03\/CSKIK_logo_EN_2023-300x294.png 300w, https:\/\/gocloudsecure.eu\/wp-content\/uploads\/2025\/03\/CSKIK_logo_EN_2023-1024x1004.png 1024w, https:\/\/gocloudsecure.eu\/wp-content\/uploads\/2025\/03\/CSKIK_logo_EN_2023-768x753.png 768w, https:\/\/gocloudsecure.eu\/wp-content\/uploads\/2025\/03\/CSKIK_logo_EN_2023-1536x1506.png 1536w, https:\/\/gocloudsecure.eu\/wp-content\/uploads\/2025\/03\/CSKIK_logo_EN_2023-370x363.png 370w, https:\/\/gocloudsecure.eu\/wp-content\/uploads\/2025\/03\/CSKIK_logo_EN_2023-840x823.png 840w, https:\/\/gocloudsecure.eu\/wp-content\/uploads\/2025\/03\/CSKIK_logo_EN_2023-410x402.png 410w\" sizes=\"(max-width: 2030px) 100vw, 2030px\" \/>\t\t\t\t\t\t\t\t\t\t\t\t\t\t\t<\/div>\n\t\t\t\t<div class=\"elementor-element elementor-element-931d4d1 sc_fly_static elementor-widget elementor-widget-heading\" data-id=\"931d4d1\" data-element_type=\"widget\" data-e-type=\"widget\" data-widget_type=\"heading.default\">\n\t\t\t\t\t<p class=\"elementor-heading-title elementor-size-default\">Projektpartner<\/p>\t\t\t\t<\/div>\n\t\t\t\t<\/div>\n\t\t<div class=\"elementor-element elementor-element-3307b42 sc_layouts_column_align_center sc_layouts_column e-con-full e-flex sc_layouts_column_icons_position_left e-con e-child\" data-id=\"3307b42\" data-element_type=\"container\" data-e-type=\"container\">\n\t\t\t\t<div class=\"elementor-element elementor-element-a9292e2 sc_fly_static elementor-widget elementor-widget-text-editor\" data-id=\"a9292e2\" data-element_type=\"widget\" data-e-type=\"widget\" data-widget_type=\"text-editor.default\">\n\t\t\t\t\t\t\t\t\t<p>Die <strong>Industrie- und Handelskammer Csongr\u00e1d-Csan\u00e1d (CSKIK)<\/strong> wurde 1888 gegr\u00fcndet und hat <strong>\u00fcber 1.100 Mitglieder<\/strong> aus <strong>Handel, Industrie, Dienstleistungen und Handwerk<\/strong>. Sie ist ein wichtiger Akteur bei der <strong>Wirtschaftsf\u00f6rderung und Interessenvertretung von Unternehmen in Ungarn<\/strong>. Durch direkte Verbindungen zu <strong>\u00fcber 35.000 Unternehmen<\/strong> unterst\u00fctzt CSKIK KMUs mit <strong>Schulungen, Beratung und Vermittlungsdiensten<\/strong>. Sie bietet <strong>Unterst\u00fctzung bei rechtlichen, steuerlichen und Qualit\u00e4tsmanagement-Fragen<\/strong> und f\u00f6rdert die <strong>Internationalisierung sowie nachhaltige Gesch\u00e4ftspraktiken<\/strong>. Als <strong>regionales B\u00fcro des Enterprise Europe Network (EEN)<\/strong> verbindet CSKIK KMUs mit <strong>globalen Gesch\u00e4ftsm\u00f6glichkeiten<\/strong>. Ihre <strong>Trainingsabteilung<\/strong> bringt <strong>Unternehmen mit Berufsbildungseinrichtungen<\/strong> zusammen und f\u00f6rdert praxisorientiertes Lernen f\u00fcr Studierende. Als Mitglied bedeutender Netzwerke wie der <strong>Ungarischen Industrie- und Handelskammer<\/strong> und der <strong>Donau-Kammern von Handel und Industrie<\/strong> st\u00e4rkt CSKIK die <strong>regionale und internationale Zusammenarbeit<\/strong> zur Steigerung der <strong>Wettbewerbsf\u00e4higkeit von Unternehmen und nachhaltigen Entwicklung<\/strong>.<\/p>\t\t\t\t\t\t\t\t<\/div>\n\t\t\t\t<\/div>\n\t\t<div class=\"elementor-element elementor-element-3bfc2c8 sc_layouts_column_align_center sc_layouts_column e-con-full e-flex sc_layouts_column_icons_position_left e-con e-child\" data-id=\"3bfc2c8\" data-element_type=\"container\" data-e-type=\"container\">\n\t\t\t\t<div class=\"elementor-element elementor-element-66b778a elementor-view-framed elementor-shape-circle sc_fly_static elementor-widget elementor-widget-icon\" data-id=\"66b778a\" data-element_type=\"widget\" data-e-type=\"widget\" data-widget_type=\"icon.default\">\n\t\t\t\t\t\t\t<div class=\"elementor-icon-wrapper\">\n\t\t\t<a class=\"elementor-icon\" href=\"https:\/\/csmkik.hu\/\" target=\"_blank\">\n\t\t\t<i aria-hidden=\"true\" class=\"fas fa-link\"><\/i>\t\t\t<\/a>\n\t\t<\/div>\n\t\t\t\t\t\t<\/div>\n\t\t\t\t<\/div>\n\t\t\t\t\t<\/div>\n\t\t\t\t<\/div>\n\t\t<div data-animation-type=\"sequental\" data-animation-stagger=\"\" class=\"elementor-element elementor-element-cc1c0f4 animation_type_sequental e-flex e-con-boxed sc_layouts_column_icons_position_left elementor-invisible e-con e-parent\" data-id=\"cc1c0f4\" data-element_type=\"container\" data-e-type=\"container\" data-settings=\"{&quot;animation&quot;:&quot;prisma-fadeinup&quot;,&quot;animation_delay&quot;:100}\">\n\t\t\t\t\t<div class=\"e-con-inner\">\n\t\t<div class=\"elementor-element elementor-element-c23a38b sc_layouts_column_align_center sc_layouts_column e-con-full e-flex sc_layouts_column_icons_position_left e-con e-child\" data-id=\"c23a38b\" data-element_type=\"container\" data-e-type=\"container\">\n\t\t\t\t<div class=\"elementor-element elementor-element-ab4635a sc_fly_static elementor-widget elementor-widget-image\" data-id=\"ab4635a\" data-element_type=\"widget\" data-e-type=\"widget\" data-widget_type=\"image.default\">\n\t\t\t\t\t\t\t\t\t\t\t\t\t\t\t<img decoding=\"async\" src=\"https:\/\/gocloudsecure.eu\/wp-content\/uploads\/2024\/12\/IerfopMark.svg\" class=\"attachment-full size-full wp-image-32456\" alt=\"\" \/>\t\t\t\t\t\t\t\t\t\t\t\t\t\t\t<\/div>\n\t\t\t\t<div class=\"elementor-element elementor-element-c2d4dbe sc_fly_static elementor-widget elementor-widget-heading\" data-id=\"c2d4dbe\" data-element_type=\"widget\" data-e-type=\"widget\" data-widget_type=\"heading.default\">\n\t\t\t\t\t<p class=\"elementor-heading-title elementor-size-default\">Projektpartner<\/p>\t\t\t\t<\/div>\n\t\t\t\t<\/div>\n\t\t<div class=\"elementor-element elementor-element-7042fdf sc_layouts_column_align_center sc_layouts_column e-con-full e-flex sc_layouts_column_icons_position_left e-con e-child\" data-id=\"7042fdf\" data-element_type=\"container\" data-e-type=\"container\">\n\t\t\t\t<div class=\"elementor-element elementor-element-fa3a7c9 sc_fly_static elementor-widget elementor-widget-text-editor\" data-id=\"fa3a7c9\" data-element_type=\"widget\" data-e-type=\"widget\" data-widget_type=\"text-editor.default\">\n\t\t\t\t\t\t\t\t\t<p>Das 1988 gegr\u00fcndete <strong>Europ\u00e4ische Institut f\u00fcr Forschung, Ausbildung und Berufliche Orientierung (I.E.R.F.O.P. Onlus)<\/strong> ist ein <strong>f\u00fchrendes Non-Profit-Unternehmen im Bereich der beruflichen Bildung (VET)<\/strong>. Urspr\u00fcnglich aus einer Zusammenarbeit von <strong>Verb\u00e4nden hervorgegangen, die Menschen mit Behinderungen (einschlie\u00dflich Blindheit, Taubheit und k\u00f6rperlichen Behinderungen) unterst\u00fctzen<\/strong>, verfolgt IERFOP das Ziel, die <strong>soziale und wirtschaftliche Integration benachteiligter Gruppen, insbesondere von behinderten und \u00e4lteren Menschen<\/strong>, zu f\u00f6rdern. Durch <strong>gezielte Ausbildungs- und Beratungsprogramme<\/strong> verbessert IERFOP die F\u00e4higkeiten und unterst\u00fctzt den Zugang zu Bildung und Besch\u00e4ftigung. Mit Sitz in Cagliari, Sardinien, <strong>betreibt IERFOP 16 B\u00fcros in 9 italienischen Regionen<\/strong> und sorgt so f\u00fcr eine weitreichende Wirkung. Zu den <strong>Hauptzielen<\/strong> geh\u00f6ren die <strong>Sensibilisierung f\u00fcr die Bildung von Menschen mit Behinderungen, die Ausbildung von Fachkr\u00e4ften im sozialen Dienst und die Einhaltung der ISO 9001-Standards f\u00fcr Qualit\u00e4tssicherung<\/strong>. Mit dem <strong>Engagement f\u00fcr kontinuierliche Verbesserungen<\/strong> st\u00e4rkt IERFOP <strong>benachteiligte Gruppen und f\u00f6rdert ihre Unabh\u00e4ngigkeit und soziale Integration in ganz Italien<\/strong>.<\/p>\t\t\t\t\t\t\t\t<\/div>\n\t\t\t\t<\/div>\n\t\t<div class=\"elementor-element elementor-element-b68e954 sc_layouts_column_align_center sc_layouts_column e-con-full e-flex sc_layouts_column_icons_position_left e-con e-child\" data-id=\"b68e954\" data-element_type=\"container\" data-e-type=\"container\">\n\t\t\t\t<div class=\"elementor-element elementor-element-bb1175f elementor-view-framed elementor-shape-circle sc_fly_static elementor-widget elementor-widget-icon\" data-id=\"bb1175f\" data-element_type=\"widget\" data-e-type=\"widget\" data-widget_type=\"icon.default\">\n\t\t\t\t\t\t\t<div class=\"elementor-icon-wrapper\">\n\t\t\t<a class=\"elementor-icon\" href=\"https:\/\/www.ierfop.org\/\" target=\"_blank\">\n\t\t\t<i aria-hidden=\"true\" class=\"fas fa-link\"><\/i>\t\t\t<\/a>\n\t\t<\/div>\n\t\t\t\t\t\t<\/div>\n\t\t\t\t<\/div>\n\t\t\t\t\t<\/div>\n\t\t\t\t<\/div>\n\t\t\t\t<\/div>\n\t\t","protected":false},"excerpt":{"rendered":"<p>Erasmus+ \u00dcber uns Projektkoordinator FH JOANNEUM ist eine der f\u00fchrenden Fachhochschulen in \u00d6sterreich, die sich der F\u00f6rderung von Innovationen durch Forschung und Entwicklung (F&#038;E) widmet, um Nachhaltigkeitsziele zu erreichen und&hellip;<\/p>\n","protected":false},"author":1,"featured_media":0,"parent":0,"menu_order":0,"comment_status":"closed","ping_status":"closed","template":"","meta":{"footnotes":""},"class_list":["post-33321","page","type-page","status-publish","hentry"],"_links":{"self":[{"href":"https:\/\/gocloudsecure.eu\/de\/wp-json\/wp\/v2\/pages\/33321","targetHints":{"allow":["GET"]}}],"collection":[{"href":"https:\/\/gocloudsecure.eu\/de\/wp-json\/wp\/v2\/pages"}],"about":[{"href":"https:\/\/gocloudsecure.eu\/de\/wp-json\/wp\/v2\/types\/page"}],"author":[{"embeddable":true,"href":"https:\/\/gocloudsecure.eu\/de\/wp-json\/wp\/v2\/users\/1"}],"replies":[{"embeddable":true,"href":"https:\/\/gocloudsecure.eu\/de\/wp-json\/wp\/v2\/comments?post=33321"}],"version-history":[{"count":0,"href":"https:\/\/gocloudsecure.eu\/de\/wp-json\/wp\/v2\/pages\/33321\/revisions"}],"wp:attachment":[{"href":"https:\/\/gocloudsecure.eu\/de\/wp-json\/wp\/v2\/media?parent=33321"}],"curies":[{"name":"wp","href":"https:\/\/api.w.org\/{rel}","templated":true}]}}